{"id":56,"date":"2021-03-10T08:43:24","date_gmt":"2021-03-10T07:43:24","guid":{"rendered":"http:\/\/www2.demokratie-leben-in-der-suedwestpfalz.de\/?page_id=56"},"modified":"2025-02-12T21:07:35","modified_gmt":"2025-02-12T20:07:35","slug":"kontakt","status":"publish","type":"page","link":"https:\/\/www.demokratie-leben-in-der-suedwestpfalz.de\/index.php\/kontakt\/","title":{"rendered":"Kontakt"},"content":{"rendered":"\n<p><strong>\u201eDemokratie leben!\u201c Partnerschaft f\u00fcr Demokratie S\u00fcdwestpfalz<\/strong><br><\/p>\n\n\n\n<p>Michael Wilhelm<br>Mitarbeiter Federf\u00fchrendes Amt<br><br>Tel.: 06331-809633<br>Mail: <a href=\"mailto:m.wilhelm@lksuedwestpfalz.de\">m.wilhelm@lksuedwestpfalz.de<\/a><\/p>\n\n\n\n<p>Unterer Sommerwaldweg 40-42<br>66953 Pirmasens<\/p>\n\n\n\n<p><\/p>\n","protected":false},"excerpt":{"rendered":"<p>\u201eDemokratie leben!\u201c Partnerschaft f\u00fcr Demokratie S\u00fcdwestpfalz Michael WilhelmMitarbeiter Federf\u00fchrendes Amt Tel.: 06331-809633Mail: m.wilhelm@lksuedwestpfalz.de Unterer Sommerwaldweg 40-4266953 Pirmasens<\/p>\n","protected":false},"author":1,"featured_media":0,"parent":0,"menu_order":0,"comment_status":"closed","ping_status":"closed","template":"","meta":{"ngg_post_thumbnail":0,"footnotes":""},"class_list":["post-56","page","type-page","status-publish","hentry"],"_links":{"self":[{"href":"https:\/\/www.demokratie-leben-in-der-suedwestpfalz.de\/index.php\/wp-json\/wp\/v2\/pages\/56","targetHints":{"allow":["GET"]}}],"collection":[{"href":"https:\/\/www.demokratie-leben-in-der-suedwestpfalz.de\/index.php\/wp-json\/wp\/v2\/pages"}],"about":[{"href":"https:\/\/www.demokratie-leben-in-der-suedwestpfalz.de\/index.php\/wp-json\/wp\/v2\/types\/page"}],"author":[{"embeddable":true,"href":"https:\/\/www.demokratie-leben-in-der-suedwestpfalz.de\/index.php\/wp-json\/wp\/v2\/users\/1"}],"replies":[{"embeddable":true,"href":"https:\/\/www.demokratie-leben-in-der-suedwestpfalz.de\/index.php\/wp-json\/wp\/v2\/comments?post=56"}],"version-history":[{"count":3,"href":"https:\/\/www.demokratie-leben-in-der-suedwestpfalz.de\/index.php\/wp-json\/wp\/v2\/pages\/56\/revisions"}],"predecessor-version":[{"id":890,"href":"https:\/\/www.demokratie-leben-in-der-suedwestpfalz.de\/index.php\/wp-json\/wp\/v2\/pages\/56\/revisions\/890"}],"wp:attachment":[{"href":"https:\/\/www.demokratie-leben-in-der-suedwestpfalz.de\/index.php\/wp-json\/wp\/v2\/media?parent=56"}],"curies":[{"name":"wp","href":"https:\/\/api.w.org\/{rel}","templated":true}]}}